{"id":27,"date":"2025-06-04T15:01:37","date_gmt":"2025-06-04T13:01:37","guid":{"rendered":"https:\/\/fayenbois.thegoodtee.shop\/?page_id=27"},"modified":"2025-06-06T11:59:57","modified_gmt":"2025-06-06T09:59:57","slug":"home","status":"publish","type":"page","link":"https:\/\/fayenbois.thegoodtee.shop\/","title":{"rendered":"Home"},"content":{"rendered":"\t\t<div data-elementor-type=\"wp-page\" data-elementor-id=\"27\" class=\"elementor elementor-27\" data-elementor-post-type=\"page\">\n\t\t\t\t<div class=\"elementor-element elementor-element-79d9b14d e-flex e-con-boxed e-con e-parent\" data-id=\"79d9b14d\" data-element_type=\"container\" data-e-type=\"container\" data-settings=\"{&quot;background_background&quot;:&quot;classic&quot;}\">\n\t\t\t\t\t<div class=\"e-con-inner\">\n\t\t<div class=\"elementor-element elementor-element-5c5106d5 e-con-full e-flex e-con e-child\" data-id=\"5c5106d5\" data-element_type=\"container\" data-e-type=\"container\">\n\t\t\t\t<div class=\"elementor-element elementor-element-28628ff7 elementor-headline--style-glisser elementor-widget elementor-widget-animated-headline\" data-id=\"28628ff7\" data-element_type=\"widget\" data-e-type=\"widget\" data-settings=\"{&quot;headline_style&quot;:&quot;glisser&quot;,&quot;loop&quot;:&quot;yes&quot;}\" data-widget_type=\"animated-headline.default\">\n\t\t\t\t<div class=\"elementor-widget-container\">\n\t\t\t\t\t\t\t<h1 class=\"elementor-headline\">\n\t\t\t\t\t<span class=\"elementor-headline-plain-text elementor-headline-text-wrapper\">Webshop du Royal Fayenbois Tennis et Padel <\/span>\n\t\t\t\t<span class=\"elementor-headline-dynamic-wrapper elementor-headline-text-wrapper\">\n\t\t\t\t<\/span>\n\t\t\t\t<\/h1>\n\t\t\t\t\t\t<\/div>\n\t\t\t\t<\/div>\n\t\t\t\t<\/div>\n\t\t\t\t\t<\/div>\n\t\t\t\t<\/div>\n\t\t<div class=\"elementor-element elementor-element-2e62eda3 e-flex e-con-boxed e-con e-parent\" data-id=\"2e62eda3\" data-element_type=\"container\" data-e-type=\"container\">\n\t\t\t\t\t<div class=\"e-con-inner\">\n\t\t\t\t<div class=\"elementor-element elementor-element-3a47442c elementor-widget elementor-widget-heading\" data-id=\"3a47442c\" data-element_type=\"widget\" data-e-type=\"widget\" data-widget_type=\"heading.default\">\n\t\t\t\t<div class=\"elementor-widget-container\">\n\t\t\t\t\t<h2 class=\"elementor-heading-title elementor-size-default\">D\u00e9couvrez nos produits<\/h2>\t\t\t\t<\/div>\n\t\t\t\t<\/div>\n\t\t\t\t<div class=\"elementor-element elementor-element-2b4328bc elementor-product-loop-item--align-center elementor-grid-4 elementor-grid-tablet-3 elementor-grid-mobile-2 elementor-products-grid elementor-wc-products elementor-widget elementor-widget-woocommerce-products\" data-id=\"2b4328bc\" data-element_type=\"widget\" data-e-type=\"widget\" data-widget_type=\"woocommerce-products.default\">\n\t\t\t\t<div class=\"elementor-widget-container\">\n\t\t\t\t\t<div class=\"woocommerce columns-4 \"><ul class=\"products elementor-grid columns-4\">\n<li class=\"product type-product post-45 status-publish first instock product_cat-enfant product_cat-vetements has-post-thumbnail taxable shipping-taxable purchasable product-type-variable has-default-attributes\">\n\t<a href=\"https:\/\/fayenbois.thegoodtee.shop\/?product=t-shirt\" class=\"woocommerce-LoopProduct-link woocommerce-loop-product__link\"><img fetchpriority=\"high\" decoding=\"async\" width=\"300\" height=\"300\" src=\"https:\/\/fayenbois.thegoodtee.shop\/wp-content\/uploads\/2025\/06\/fayenbois_0007_previews_2-300x300.jpg\" class=\"attachment-woocommerce_thumbnail size-woocommerce_thumbnail\" alt=\"T-Shirt enfant - Royal Fayenbois\" srcset=\"https:\/\/fayenbois.thegoodtee.shop\/wp-content\/uploads\/2025\/06\/fayenbois_0007_previews_2-300x300.jpg 300w, https:\/\/fayenbois.thegoodtee.shop\/wp-content\/uploads\/2025\/06\/fayenbois_0007_previews_2-150x150.jpg 150w, https:\/\/fayenbois.thegoodtee.shop\/wp-content\/uploads\/2025\/06\/fayenbois_0007_previews_2-768x768.jpg 768w, https:\/\/fayenbois.thegoodtee.shop\/wp-content\/uploads\/2025\/06\/fayenbois_0007_previews_2-600x600.jpg 600w, https:\/\/fayenbois.thegoodtee.shop\/wp-content\/uploads\/2025\/06\/fayenbois_0007_previews_2-100x100.jpg 100w, https:\/\/fayenbois.thegoodtee.shop\/wp-content\/uploads\/2025\/06\/fayenbois_0007_previews_2.jpg 1000w\" sizes=\"(max-width: 300px) 100vw, 300px\" \/><h2 class=\"woocommerce-loop-product__title\">T-Shirt enfant &#8211; Royal Fayenbois<\/h2>\n\t<span class=\"price\"><span class=\"woocommerce-Price-amount amount\"><bdi><span class=\"woocommerce-Price-currencySymbol\">&euro;<\/span>&nbsp;20,00<\/bdi><\/span> <small class=\"woocommerce-price-suffix\">TTC<\/small><\/span>\n<\/a><a href=\"https:\/\/fayenbois.thegoodtee.shop\/?product=t-shirt\" aria-describedby=\"woocommerce_loop_add_to_cart_link_describedby_45\" data-quantity=\"1\" class=\"button product_type_variable add_to_cart_button\" data-product_id=\"45\" data-product_sku=\"STTK184 - fayembois\" aria-label=\"S\u00e9lectionner les options pour &ldquo;T-Shirt enfant - Royal Fayenbois&rdquo;\" rel=\"nofollow\">Choix des options<\/a>\t<span id=\"woocommerce_loop_add_to_cart_link_describedby_45\" class=\"screen-reader-text\">\n\t\tCe produit a plusieurs variations. Les options peuvent \u00eatre choisies sur la page du produit\t<\/span>\n<\/li>\n<li class=\"product type-product post-179 status-publish instock product_cat-enfant product_cat-vetements has-post-thumbnail taxable shipping-taxable purchasable product-type-variable has-default-attributes\">\n\t<a href=\"https:\/\/fayenbois.thegoodtee.shop\/?product=t-shirt-enfant-blason\" class=\"woocommerce-LoopProduct-link woocommerce-loop-product__link\"><img decoding=\"async\" width=\"300\" height=\"300\" src=\"https:\/\/fayenbois.thegoodtee.shop\/wp-content\/uploads\/2025\/06\/fayenbois_0004_previews_5-300x300.jpg\" class=\"attachment-woocommerce_thumbnail size-woocommerce_thumbnail\" alt=\"T-Shirt enfant - Blason\" srcset=\"https:\/\/fayenbois.thegoodtee.shop\/wp-content\/uploads\/2025\/06\/fayenbois_0004_previews_5-300x300.jpg 300w, https:\/\/fayenbois.thegoodtee.shop\/wp-content\/uploads\/2025\/06\/fayenbois_0004_previews_5-150x150.jpg 150w, https:\/\/fayenbois.thegoodtee.shop\/wp-content\/uploads\/2025\/06\/fayenbois_0004_previews_5-768x768.jpg 768w, https:\/\/fayenbois.thegoodtee.shop\/wp-content\/uploads\/2025\/06\/fayenbois_0004_previews_5-600x600.jpg 600w, https:\/\/fayenbois.thegoodtee.shop\/wp-content\/uploads\/2025\/06\/fayenbois_0004_previews_5-100x100.jpg 100w, https:\/\/fayenbois.thegoodtee.shop\/wp-content\/uploads\/2025\/06\/fayenbois_0004_previews_5.jpg 1000w\" sizes=\"(max-width: 300px) 100vw, 300px\" \/><h2 class=\"woocommerce-loop-product__title\">T-Shirt enfant &#8211; Blason<\/h2>\n\t<span class=\"price\"><span class=\"woocommerce-Price-amount amount\"><bdi><span class=\"woocommerce-Price-currencySymbol\">&euro;<\/span>&nbsp;20,00<\/bdi><\/span> <small class=\"woocommerce-price-suffix\">TTC<\/small><\/span>\n<\/a><a href=\"https:\/\/fayenbois.thegoodtee.shop\/?product=t-shirt-enfant-blason\" aria-describedby=\"woocommerce_loop_add_to_cart_link_describedby_179\" data-quantity=\"1\" class=\"button product_type_variable add_to_cart_button\" data-product_id=\"179\" data-product_sku=\"STTK184 - fayembois - blason\" aria-label=\"S\u00e9lectionner les options pour &ldquo;T-Shirt enfant - Blason&rdquo;\" rel=\"nofollow\">Choix des options<\/a>\t<span id=\"woocommerce_loop_add_to_cart_link_describedby_179\" class=\"screen-reader-text\">\n\t\tCe produit a plusieurs variations. Les options peuvent \u00eatre choisies sur la page du produit\t<\/span>\n<\/li>\n<li class=\"product type-product post-154 status-publish instock product_cat-adulte product_cat-vetements has-post-thumbnail taxable shipping-taxable purchasable product-type-variable has-default-attributes\">\n\t<a href=\"https:\/\/fayenbois.thegoodtee.shop\/?product=t-shirt-royal-fayenbois\" class=\"woocommerce-LoopProduct-link woocommerce-loop-product__link\"><img decoding=\"async\" width=\"300\" height=\"300\" src=\"https:\/\/fayenbois.thegoodtee.shop\/wp-content\/uploads\/2025\/06\/fayenbois_0005_previews_4-300x300.jpg\" class=\"attachment-woocommerce_thumbnail size-woocommerce_thumbnail\" alt=\"T-Shirt - Royal Fayenbois\" srcset=\"https:\/\/fayenbois.thegoodtee.shop\/wp-content\/uploads\/2025\/06\/fayenbois_0005_previews_4-300x300.jpg 300w, https:\/\/fayenbois.thegoodtee.shop\/wp-content\/uploads\/2025\/06\/fayenbois_0005_previews_4-150x150.jpg 150w, https:\/\/fayenbois.thegoodtee.shop\/wp-content\/uploads\/2025\/06\/fayenbois_0005_previews_4-768x768.jpg 768w, https:\/\/fayenbois.thegoodtee.shop\/wp-content\/uploads\/2025\/06\/fayenbois_0005_previews_4-600x600.jpg 600w, https:\/\/fayenbois.thegoodtee.shop\/wp-content\/uploads\/2025\/06\/fayenbois_0005_previews_4-100x100.jpg 100w, https:\/\/fayenbois.thegoodtee.shop\/wp-content\/uploads\/2025\/06\/fayenbois_0005_previews_4.jpg 1000w\" sizes=\"(max-width: 300px) 100vw, 300px\" \/><h2 class=\"woocommerce-loop-product__title\">T-Shirt &#8211; Royal Fayenbois<\/h2>\n\t<span class=\"price\"><span class=\"woocommerce-Price-amount amount\"><bdi><span class=\"woocommerce-Price-currencySymbol\">&euro;<\/span>&nbsp;20,00<\/bdi><\/span> <small class=\"woocommerce-price-suffix\">TTC<\/small><\/span>\n<\/a><a href=\"https:\/\/fayenbois.thegoodtee.shop\/?product=t-shirt-royal-fayenbois\" aria-describedby=\"woocommerce_loop_add_to_cart_link_describedby_154\" data-quantity=\"1\" class=\"button product_type_variable add_to_cart_button\" data-product_id=\"154\" data-product_sku=\"STTU169 - fayenbois\" aria-label=\"S\u00e9lectionner les options pour &ldquo;T-Shirt - Royal Fayenbois&rdquo;\" rel=\"nofollow\">Choix des options<\/a>\t<span id=\"woocommerce_loop_add_to_cart_link_describedby_154\" class=\"screen-reader-text\">\n\t\tCe produit a plusieurs variations. Les options peuvent \u00eatre choisies sur la page du produit\t<\/span>\n<\/li>\n<li class=\"product type-product post-188 status-publish last instock product_cat-adulte product_cat-vetements has-post-thumbnail taxable shipping-taxable purchasable product-type-variable has-default-attributes\">\n\t<a href=\"https:\/\/fayenbois.thegoodtee.shop\/?product=t-shirt-royal-fayenbois-blason\" class=\"woocommerce-LoopProduct-link woocommerce-loop-product__link\"><img loading=\"lazy\" decoding=\"async\" width=\"300\" height=\"300\" src=\"https:\/\/fayenbois.thegoodtee.shop\/wp-content\/uploads\/2025\/06\/fayenbois_0006_previews_3-300x300.jpg\" class=\"attachment-woocommerce_thumbnail size-woocommerce_thumbnail\" alt=\"T-Shirt - Blason\" srcset=\"https:\/\/fayenbois.thegoodtee.shop\/wp-content\/uploads\/2025\/06\/fayenbois_0006_previews_3-300x300.jpg 300w, https:\/\/fayenbois.thegoodtee.shop\/wp-content\/uploads\/2025\/06\/fayenbois_0006_previews_3-150x150.jpg 150w, https:\/\/fayenbois.thegoodtee.shop\/wp-content\/uploads\/2025\/06\/fayenbois_0006_previews_3-768x768.jpg 768w, https:\/\/fayenbois.thegoodtee.shop\/wp-content\/uploads\/2025\/06\/fayenbois_0006_previews_3-600x600.jpg 600w, https:\/\/fayenbois.thegoodtee.shop\/wp-content\/uploads\/2025\/06\/fayenbois_0006_previews_3-100x100.jpg 100w, https:\/\/fayenbois.thegoodtee.shop\/wp-content\/uploads\/2025\/06\/fayenbois_0006_previews_3.jpg 1000w\" sizes=\"(max-width: 300px) 100vw, 300px\" \/><h2 class=\"woocommerce-loop-product__title\">T-Shirt &#8211; Blason<\/h2>\n\t<span class=\"price\"><span class=\"woocommerce-Price-amount amount\"><bdi><span class=\"woocommerce-Price-currencySymbol\">&euro;<\/span>&nbsp;20,00<\/bdi><\/span> <small class=\"woocommerce-price-suffix\">TTC<\/small><\/span>\n<\/a><a href=\"https:\/\/fayenbois.thegoodtee.shop\/?product=t-shirt-royal-fayenbois-blason\" aria-describedby=\"woocommerce_loop_add_to_cart_link_describedby_188\" data-quantity=\"1\" class=\"button product_type_variable add_to_cart_button\" data-product_id=\"188\" data-product_sku=\"STTU169 - fayenbois-blason\" aria-label=\"S\u00e9lectionner les options pour &ldquo;T-Shirt - Blason&rdquo;\" rel=\"nofollow\">Choix des options<\/a>\t<span id=\"woocommerce_loop_add_to_cart_link_describedby_188\" class=\"screen-reader-text\">\n\t\tCe produit a plusieurs variations. Les options peuvent \u00eatre choisies sur la page du produit\t<\/span>\n<\/li>\n<li class=\"product type-product post-218 status-publish first instock product_cat-adulte product_cat-vetements has-post-thumbnail taxable shipping-taxable purchasable product-type-variable has-default-attributes\">\n\t<a href=\"https:\/\/fayenbois.thegoodtee.shop\/?product=hoodie-royal-fayenbois\" class=\"woocommerce-LoopProduct-link woocommerce-loop-product__link\"><img loading=\"lazy\" decoding=\"async\" width=\"300\" height=\"300\" src=\"https:\/\/fayenbois.thegoodtee.shop\/wp-content\/uploads\/2025\/06\/fayenbois_0003_previews_6-300x300.jpg\" class=\"attachment-woocommerce_thumbnail size-woocommerce_thumbnail\" alt=\"Hoodie - Royal Fayenbois\" srcset=\"https:\/\/fayenbois.thegoodtee.shop\/wp-content\/uploads\/2025\/06\/fayenbois_0003_previews_6-300x300.jpg 300w, https:\/\/fayenbois.thegoodtee.shop\/wp-content\/uploads\/2025\/06\/fayenbois_0003_previews_6-150x150.jpg 150w, https:\/\/fayenbois.thegoodtee.shop\/wp-content\/uploads\/2025\/06\/fayenbois_0003_previews_6-768x768.jpg 768w, https:\/\/fayenbois.thegoodtee.shop\/wp-content\/uploads\/2025\/06\/fayenbois_0003_previews_6-600x600.jpg 600w, https:\/\/fayenbois.thegoodtee.shop\/wp-content\/uploads\/2025\/06\/fayenbois_0003_previews_6-100x100.jpg 100w, https:\/\/fayenbois.thegoodtee.shop\/wp-content\/uploads\/2025\/06\/fayenbois_0003_previews_6.jpg 1000w\" sizes=\"(max-width: 300px) 100vw, 300px\" \/><h2 class=\"woocommerce-loop-product__title\">Hoodie &#8211; Royal Fayenbois<\/h2>\n\t<span class=\"price\"><span class=\"woocommerce-Price-amount amount\"><bdi><span class=\"woocommerce-Price-currencySymbol\">&euro;<\/span>&nbsp;50,00<\/bdi><\/span> <small class=\"woocommerce-price-suffix\">TTC<\/small><\/span>\n<\/a><a href=\"https:\/\/fayenbois.thegoodtee.shop\/?product=hoodie-royal-fayenbois\" aria-describedby=\"woocommerce_loop_add_to_cart_link_describedby_218\" data-quantity=\"1\" class=\"button product_type_variable add_to_cart_button\" data-product_id=\"218\" data-product_sku=\"STSU177 - fayenbois\" aria-label=\"S\u00e9lectionner les options pour &ldquo;Hoodie - Royal Fayenbois&rdquo;\" rel=\"nofollow\">Choix des options<\/a>\t<span id=\"woocommerce_loop_add_to_cart_link_describedby_218\" class=\"screen-reader-text\">\n\t\tCe produit a plusieurs variations. Les options peuvent \u00eatre choisies sur la page du produit\t<\/span>\n<\/li>\n<li class=\"product type-product post-205 status-publish instock product_cat-enfant product_cat-vetements has-post-thumbnail taxable shipping-taxable purchasable product-type-variable has-default-attributes\">\n\t<a href=\"https:\/\/fayenbois.thegoodtee.shop\/?product=hoodie-enfant-royal-fayenbois\" class=\"woocommerce-LoopProduct-link woocommerce-loop-product__link\"><img loading=\"lazy\" decoding=\"async\" width=\"300\" height=\"300\" src=\"https:\/\/fayenbois.thegoodtee.shop\/wp-content\/uploads\/2025\/06\/fayenbois_0003_previews_6-300x300.jpg\" class=\"attachment-woocommerce_thumbnail size-woocommerce_thumbnail\" alt=\"Hoodie enfant - Royal Fayenbois\" srcset=\"https:\/\/fayenbois.thegoodtee.shop\/wp-content\/uploads\/2025\/06\/fayenbois_0003_previews_6-300x300.jpg 300w, https:\/\/fayenbois.thegoodtee.shop\/wp-content\/uploads\/2025\/06\/fayenbois_0003_previews_6-150x150.jpg 150w, https:\/\/fayenbois.thegoodtee.shop\/wp-content\/uploads\/2025\/06\/fayenbois_0003_previews_6-768x768.jpg 768w, https:\/\/fayenbois.thegoodtee.shop\/wp-content\/uploads\/2025\/06\/fayenbois_0003_previews_6-600x600.jpg 600w, https:\/\/fayenbois.thegoodtee.shop\/wp-content\/uploads\/2025\/06\/fayenbois_0003_previews_6-100x100.jpg 100w, https:\/\/fayenbois.thegoodtee.shop\/wp-content\/uploads\/2025\/06\/fayenbois_0003_previews_6.jpg 1000w\" sizes=\"(max-width: 300px) 100vw, 300px\" \/><h2 class=\"woocommerce-loop-product__title\">Hoodie enfant &#8211; Royal Fayenbois<\/h2>\n\t<span class=\"price\"><span class=\"woocommerce-Price-amount amount\"><bdi><span class=\"woocommerce-Price-currencySymbol\">&euro;<\/span>&nbsp;50,00<\/bdi><\/span> <small class=\"woocommerce-price-suffix\">TTC<\/small><\/span>\n<\/a><a href=\"https:\/\/fayenbois.thegoodtee.shop\/?product=hoodie-enfant-royal-fayenbois\" aria-describedby=\"woocommerce_loop_add_to_cart_link_describedby_205\" data-quantity=\"1\" class=\"button product_type_variable add_to_cart_button\" data-product_id=\"205\" data-product_sku=\"STSK180 - fayembois\" aria-label=\"S\u00e9lectionner les options pour &ldquo;Hoodie enfant - Royal Fayenbois&rdquo;\" rel=\"nofollow\">Choix des options<\/a>\t<span id=\"woocommerce_loop_add_to_cart_link_describedby_205\" class=\"screen-reader-text\">\n\t\tCe produit a plusieurs variations. Les options peuvent \u00eatre choisies sur la page du produit\t<\/span>\n<\/li>\n<li class=\"product type-product post-256 status-publish instock product_cat-adulte product_cat-vetements has-post-thumbnail taxable shipping-taxable purchasable product-type-variable has-default-attributes\">\n\t<a href=\"https:\/\/fayenbois.thegoodtee.shop\/?product=polo-blason\" class=\"woocommerce-LoopProduct-link woocommerce-loop-product__link\"><img loading=\"lazy\" decoding=\"async\" width=\"300\" height=\"300\" src=\"https:\/\/fayenbois.thegoodtee.shop\/wp-content\/uploads\/2025\/06\/fayenbois_0002_previews-07-300x300.jpg\" class=\"attachment-woocommerce_thumbnail size-woocommerce_thumbnail\" alt=\"Polo - Blason\" srcset=\"https:\/\/fayenbois.thegoodtee.shop\/wp-content\/uploads\/2025\/06\/fayenbois_0002_previews-07-300x300.jpg 300w, https:\/\/fayenbois.thegoodtee.shop\/wp-content\/uploads\/2025\/06\/fayenbois_0002_previews-07-150x150.jpg 150w, https:\/\/fayenbois.thegoodtee.shop\/wp-content\/uploads\/2025\/06\/fayenbois_0002_previews-07-768x768.jpg 768w, https:\/\/fayenbois.thegoodtee.shop\/wp-content\/uploads\/2025\/06\/fayenbois_0002_previews-07-600x600.jpg 600w, https:\/\/fayenbois.thegoodtee.shop\/wp-content\/uploads\/2025\/06\/fayenbois_0002_previews-07-100x100.jpg 100w, https:\/\/fayenbois.thegoodtee.shop\/wp-content\/uploads\/2025\/06\/fayenbois_0002_previews-07.jpg 1000w\" sizes=\"(max-width: 300px) 100vw, 300px\" \/><h2 class=\"woocommerce-loop-product__title\">Polo &#8211; Blason<\/h2>\n\t<span class=\"price\"><span class=\"woocommerce-Price-amount amount\"><bdi><span class=\"woocommerce-Price-currencySymbol\">&euro;<\/span>&nbsp;40,00<\/bdi><\/span> <small class=\"woocommerce-price-suffix\">TTC<\/small><\/span>\n<\/a><a href=\"https:\/\/fayenbois.thegoodtee.shop\/?product=polo-blason\" aria-describedby=\"woocommerce_loop_add_to_cart_link_describedby_256\" data-quantity=\"1\" class=\"button product_type_variable add_to_cart_button\" data-product_id=\"256\" data-product_sku=\"STPU222 - fayenbois-blason\" aria-label=\"S\u00e9lectionner les options pour &ldquo;Polo - Blason&rdquo;\" rel=\"nofollow\">Choix des options<\/a>\t<span id=\"woocommerce_loop_add_to_cart_link_describedby_256\" class=\"screen-reader-text\">\n\t\tCe produit a plusieurs variations. Les options peuvent \u00eatre choisies sur la page du produit\t<\/span>\n<\/li>\n<li class=\"product type-product post-243 status-publish last instock product_cat-enfant product_cat-vetements has-post-thumbnail taxable shipping-taxable purchasable product-type-variable has-default-attributes\">\n\t<a href=\"https:\/\/fayenbois.thegoodtee.shop\/?product=polo-enfant-blason\" class=\"woocommerce-LoopProduct-link woocommerce-loop-product__link\"><img loading=\"lazy\" decoding=\"async\" width=\"300\" height=\"300\" src=\"https:\/\/fayenbois.thegoodtee.shop\/wp-content\/uploads\/2025\/06\/fayenbois_0002_previews-07-300x300.jpg\" class=\"attachment-woocommerce_thumbnail size-woocommerce_thumbnail\" alt=\"Polo enfant - Blason\" srcset=\"https:\/\/fayenbois.thegoodtee.shop\/wp-content\/uploads\/2025\/06\/fayenbois_0002_previews-07-300x300.jpg 300w, https:\/\/fayenbois.thegoodtee.shop\/wp-content\/uploads\/2025\/06\/fayenbois_0002_previews-07-150x150.jpg 150w, https:\/\/fayenbois.thegoodtee.shop\/wp-content\/uploads\/2025\/06\/fayenbois_0002_previews-07-768x768.jpg 768w, https:\/\/fayenbois.thegoodtee.shop\/wp-content\/uploads\/2025\/06\/fayenbois_0002_previews-07-600x600.jpg 600w, https:\/\/fayenbois.thegoodtee.shop\/wp-content\/uploads\/2025\/06\/fayenbois_0002_previews-07-100x100.jpg 100w, https:\/\/fayenbois.thegoodtee.shop\/wp-content\/uploads\/2025\/06\/fayenbois_0002_previews-07.jpg 1000w\" sizes=\"(max-width: 300px) 100vw, 300px\" \/><h2 class=\"woocommerce-loop-product__title\">Polo enfant &#8211; Blason<\/h2>\n\t<span class=\"price\"><span class=\"woocommerce-Price-amount amount\"><bdi><span class=\"woocommerce-Price-currencySymbol\">&euro;<\/span>&nbsp;40,00<\/bdi><\/span> <small class=\"woocommerce-price-suffix\">TTC<\/small><\/span>\n<\/a><a href=\"https:\/\/fayenbois.thegoodtee.shop\/?product=polo-enfant-blason\" aria-describedby=\"woocommerce_loop_add_to_cart_link_describedby_243\" data-quantity=\"1\" class=\"button product_type_variable add_to_cart_button\" data-product_id=\"243\" data-product_sku=\"STPK908 - fayembois - blason\" aria-label=\"S\u00e9lectionner les options pour &ldquo;Polo enfant - Blason&rdquo;\" rel=\"nofollow\">Choix des options<\/a>\t<span id=\"woocommerce_loop_add_to_cart_link_describedby_243\" class=\"screen-reader-text\">\n\t\tCe produit a plusieurs variations. Les options peuvent \u00eatre choisies sur la page du produit\t<\/span>\n<\/li>\n<li class=\"product type-product post-298 status-publish first instock product_cat-accesoire has-post-thumbnail taxable shipping-taxable purchasable product-type-simple\">\n\t<a href=\"https:\/\/fayenbois.thegoodtee.shop\/?product=casquette-blason\" class=\"woocommerce-LoopProduct-link woocommerce-loop-product__link\"><img loading=\"lazy\" decoding=\"async\" width=\"300\" height=\"300\" src=\"https:\/\/fayenbois.thegoodtee.shop\/wp-content\/uploads\/2025\/06\/fayenbois_0008_previews_1-300x300.jpg\" class=\"attachment-woocommerce_thumbnail size-woocommerce_thumbnail\" alt=\"Casquette - Blason\" srcset=\"https:\/\/fayenbois.thegoodtee.shop\/wp-content\/uploads\/2025\/06\/fayenbois_0008_previews_1-300x300.jpg 300w, https:\/\/fayenbois.thegoodtee.shop\/wp-content\/uploads\/2025\/06\/fayenbois_0008_previews_1-150x150.jpg 150w, https:\/\/fayenbois.thegoodtee.shop\/wp-content\/uploads\/2025\/06\/fayenbois_0008_previews_1-768x768.jpg 768w, https:\/\/fayenbois.thegoodtee.shop\/wp-content\/uploads\/2025\/06\/fayenbois_0008_previews_1-600x600.jpg 600w, https:\/\/fayenbois.thegoodtee.shop\/wp-content\/uploads\/2025\/06\/fayenbois_0008_previews_1-100x100.jpg 100w, https:\/\/fayenbois.thegoodtee.shop\/wp-content\/uploads\/2025\/06\/fayenbois_0008_previews_1.jpg 1000w\" sizes=\"(max-width: 300px) 100vw, 300px\" \/><h2 class=\"woocommerce-loop-product__title\">Casquette &#8211; Blason<\/h2>\n\t<span class=\"price\"><span class=\"woocommerce-Price-amount amount\"><bdi><span class=\"woocommerce-Price-currencySymbol\">&euro;<\/span>&nbsp;25,00<\/bdi><\/span> <small class=\"woocommerce-price-suffix\">TTC<\/small><\/span>\n<\/a><a href=\"\/index.php?rest_route=%2Fwp%2Fv2%2Fpages%2F27&#038;add-to-cart=298\" aria-describedby=\"woocommerce_loop_add_to_cart_link_describedby_298\" data-quantity=\"1\" class=\"button product_type_simple add_to_cart_button ajax_add_to_cart\" data-product_id=\"298\" data-product_sku=\"KP133\" aria-label=\"Ajouter au panier\u00a0: &ldquo;Casquette - Blason&rdquo;\" rel=\"nofollow\" data-success_message=\"\u00ab\u00a0Casquette - Blason\u00a0\u00bb a \u00e9t\u00e9 ajout\u00e9 \u00e0 votre panier\" role=\"button\">Ajouter au panier<\/a>\t<span id=\"woocommerce_loop_add_to_cart_link_describedby_298\" class=\"screen-reader-text\">\n\t\t\t<\/span>\n<\/li>\n<\/ul>\n<\/div>\t\t\t\t<\/div>\n\t\t\t\t<\/div>\n\t\t\t\t\t<\/div>\n\t\t\t\t<\/div>\n\t\t\t\t<\/div>\n\t\t","protected":false},"excerpt":{"rendered":"<p>Webshop du Royal Fayenbois Tennis et Padel D\u00e9couvrez nos produits<\/p>\n","protected":false},"author":1,"featured_media":0,"parent":0,"menu_order":0,"comment_status":"closed","ping_status":"closed","template":"","meta":{"footnotes":""},"class_list":["post-27","page","type-page","status-publish","hentry"],"_links":{"self":[{"href":"https:\/\/fayenbois.thegoodtee.shop\/index.php?rest_route=\/wp\/v2\/pages\/27","targetHints":{"allow":["GET"]}}],"collection":[{"href":"https:\/\/fayenbois.thegoodtee.shop\/index.php?rest_route=\/wp\/v2\/pages"}],"about":[{"href":"https:\/\/fayenbois.thegoodtee.shop\/index.php?rest_route=\/wp\/v2\/types\/page"}],"author":[{"embeddable":true,"href":"https:\/\/fayenbois.thegoodtee.shop\/index.php?rest_route=\/wp\/v2\/users\/1"}],"replies":[{"embeddable":true,"href":"https:\/\/fayenbois.thegoodtee.shop\/index.php?rest_route=%2Fwp%2Fv2%2Fcomments&post=27"}],"version-history":[{"count":31,"href":"https:\/\/fayenbois.thegoodtee.shop\/index.php?rest_route=\/wp\/v2\/pages\/27\/revisions"}],"predecessor-version":[{"id":353,"href":"https:\/\/fayenbois.thegoodtee.shop\/index.php?rest_route=\/wp\/v2\/pages\/27\/revisions\/353"}],"wp:attachment":[{"href":"https:\/\/fayenbois.thegoodtee.shop\/index.php?rest_route=%2Fwp%2Fv2%2Fmedia&parent=27"}],"curies":[{"name":"wp","href":"https:\/\/api.w.org\/{rel}","templated":true}]}}